{"id":58,"date":"2023-10-20T13:34:51","date_gmt":"2023-10-20T13:34:51","guid":{"rendered":"https:\/\/aovivosempre.com\/?page_id=58"},"modified":"2025-12-11T17:31:35","modified_gmt":"2025-12-11T17:31:35","slug":"about","status":"publish","type":"page","link":"https:\/\/aovivosempre.com\/es\/about\/","title":{"rendered":"Acerca de"},"content":{"rendered":"<div class=\"mx-5 sm:mx-0 prose leading-relaxed text-lg mb-5 text-left wp-paragraph\">\n<p>Ao Vivo Sempre es tu portal de confianza para mantenerte al d\u00eda sobre lo que ocurre en el mundo de las apps, el entretenimiento y los consejos online. Nuestro objetivo es ofrecerte contenido relevante, pr\u00e1ctico y siempre actualizado para que puedas explorar las nuevas tendencias y aprovechar al m\u00e1ximo las oportunidades que ofrece la tecnolog\u00eda.<\/p>\n<\/div><div class=\"mx-5 sm:mx-0 prose leading-relaxed text-lg mb-5 text-left wp-paragraph\">\n<p>Sabemos que el mundo digital est\u00e1 en constante transformaci\u00f3n y que la diversidad de temas puede dificultar la elecci\u00f3n de lo que realmente importa. Por eso, en Ao Vivo Sempre, nos esforzamos por simplificar lo complejo, brind\u00e1ndote informaci\u00f3n de f\u00e1cil acceso en formatos que se adaptan a tu vida diaria. Tanto si eres un entusiasta de la tecnolog\u00eda como si buscas consejos pr\u00e1cticos, siempre tenemos algo nuevo para enriquecer tu rutina.<\/p>\n<\/div><div class=\"mx-5 sm:mx-0 prose leading-relaxed text-lg mb-5 text-left wp-paragraph\">\n<p>Si bien compartimos an\u00e1lisis detallados, tendencias y perspectivas sobre las aplicaciones y el panorama del entretenimiento digital, es importante destacar que Ao Vivo Sempre no est\u00e1 afiliado a ninguna empresa espec\u00edfica. Nuestra funci\u00f3n es informar, guiar y ofrecer un espacio para el debate y el intercambio de ideas.<\/p>\n<\/div><!--advertisement--><div class=\"mx-5 sm:mx-0 sm:text-3xl text-2xl font-medium title-font mb-4 text-gray-900 text-left\">\n<h2 class=\"wp-block-heading\" id=\"h-nossa-missao\"><strong>Nuestra misi\u00f3n<\/strong><\/h2>\n<\/div><div class=\"mx-5 sm:mx-0 prose leading-relaxed text-lg mb-5 text-left wp-paragraph\">\n<p>Nuestra misi\u00f3n es ofrecer contenido que ayude a nuestros lectores a explorar las diversas facetas del mundo digital. Ya sea sobre las \u00faltimas aplicaciones, estrategias para aprovechar al m\u00e1ximo las plataformas de entretenimiento o consejos esenciales para mantenerse informado, estamos aqu\u00ed para facilitarles el acceso a lo mejor que internet ofrece.<\/p>\n<\/div><div class=\"mx-5 sm:mx-0 prose leading-relaxed text-lg mb-5 text-left wp-paragraph\">\n<p>Creemos que la informaci\u00f3n debe ser accesible, honesta y clara. Trabajamos para garantizar que encuentres todo lo que necesitas en nuestro portal para aprovechar al m\u00e1ximo las innovaciones tecnol\u00f3gicas, de forma pr\u00e1ctica y sin falsas promesas.<\/p>\n<\/div><!--advertisement--><div class=\"mx-5 sm:mx-0 sm:text-3xl text-2xl font-medium title-font mb-4 text-gray-900 text-left\">\n<h2 class=\"wp-block-heading\"><strong>Lo que encontrar\u00e1s aqu\u00ed<\/strong><\/h2>\n<\/div><div class=\"mx-5 sm:mx-0 prose leading-relaxed text-lg mb-5 text-left wp-paragraph\">\n<p>Hemos organizado nuestro contenido para satisfacer las necesidades de quienes desean mantenerse al d\u00eda con las \u00faltimas noticias y mejorar su experiencia digital. Descubre lo que ofrecemos:<\/p>\n<\/div><div class=\"mx-5 sm:mx-0 prose leading-relaxed text-lg mb-5 text-left wp-paragraph\">\n<p>\ud83d\udd39 <strong>Noticias y tendencias en aplicaciones<\/strong><br>Mant\u00e9ngase informado sobre los lanzamientos m\u00e1s esperados y las actualizaciones m\u00e1s relevantes de la app. Aqu\u00ed encontrar\u00e1 rese\u00f1as detalladas y consejos para optimizar su uso, ya sea para redes sociales, productividad o entretenimiento.<\/p>\n<\/div><div class=\"mx-5 sm:mx-0 prose leading-relaxed text-lg mb-5 text-left wp-paragraph\">\n<p>\ud83d\udd39 <strong>Entretenimiento y cultura digital<\/strong><br>Explora art\u00edculos sobre los \u00faltimos estrenos en cine, series, m\u00fasica y videojuegos. Adem\u00e1s, analizamos las \u00faltimas tendencias en el mundo del entretenimiento digital, ofreciendo contenido diverso para todos los gustos.<\/p>\n<\/div><div class=\"mx-5 sm:mx-0 prose leading-relaxed text-lg mb-5 text-left wp-paragraph\">\n<p>\ud83d\udd39 <strong>Consejos para la navegaci\u00f3n en l\u00ednea y herramientas digitales<\/strong><br>Si buscas mejorar tu experiencia digital, este es el lugar indicado. Ofrecemos valiosos consejos sobre herramientas en l\u00ednea, productividad, organizaci\u00f3n y c\u00f3mo sacar el m\u00e1ximo provecho de tu presencia web.<\/p>\n<\/div><div class=\"mx-5 sm:mx-0 prose leading-relaxed text-lg mb-5 text-left wp-paragraph\">\n<p>\ud83d\udd39 <strong>Gu\u00edas y tutoriales de tecnolog\u00eda<\/strong><br>Ya sea que desee comprender c\u00f3mo usar nuevas herramientas o aprender sobre c\u00f3mo funcionan las aplicaciones, tenemos gu\u00edas paso a paso para ayudarlo a dominar el mundo digital.<\/p>\n<\/div><div class=\"mx-5 sm:mx-0 prose leading-relaxed text-lg mb-5 text-left wp-paragraph\">\n<p>\ud83d\udd39 <strong>Noticias y actualizaciones sobre el mundo digital<\/strong><br>Mant\u00e9ngase al d\u00eda con las \u00faltimas noticias del sector. Cobertura de eventos, lanzamientos y an\u00e1lisis de mercado para no perderse ninguna tendencia importante.<\/p>\n<\/div><!--advertisement--><div class=\"mx-5 sm:mx-0 sm:text-3xl text-2xl font-medium title-font mb-4 text-gray-900 text-left\">\n<h2 class=\"wp-block-heading\"><strong>Nuestro enfoque<\/strong><\/h2>\n<\/div><div class=\"mx-5 sm:mx-0 prose leading-relaxed text-lg mb-5 text-left wp-paragraph\">\n<p>En Ao Vivo Sempre, nuestro enfoque se basa en la transparencia y el compromiso con la calidad. Todo el contenido se produce internamente, con base en investigaciones detalladas y an\u00e1lisis de expertos, sin intermediarios comerciales. Nos centramos en ofrecer informaci\u00f3n \u00fatil y basada en hechos, sin exageraciones ni promesas infundadas.<\/p>\n<\/div><div class=\"mx-5 sm:mx-0 prose leading-relaxed text-lg mb-5 text-left wp-paragraph\">\n<p>Creemos que el acceso a la informaci\u00f3n digital debe ser sencillo, directo y \u00fatil para todos, independientemente de su nivel de conocimiento. Estamos aqu\u00ed para ayudarte a sacar el m\u00e1ximo provecho del mundo digital, con contenido relevante y recursos pr\u00e1cticos para mejorar tu experiencia en l\u00ednea.<\/p>\n<\/div>","protected":false},"excerpt":{"rendered":"<p>Ao Vivo Sempre es tu portal de confianza para mantenerte al d\u00eda sobre lo que ocurre en el mundo de las apps, el entretenimiento y los consejos online. Nuestro objetivo es ofrecerte contenido relevante, pr\u00e1ctico y siempre actualizado para que puedas explorar las nuevas tendencias y aprovechar al m\u00e1ximo las oportunidades que ofrece la tecnolog\u00eda. <a class=\"more-link\" href=\"https:\/\/aovivosempre.com\/es\/about\/\">sigue leyendo <span class=\"screen-reader-text\">Acerca de<\/span><\/a><\/p>","protected":false},"author":3,"featured_media":0,"parent":0,"menu_order":0,"comment_status":"closed","ping_status":"closed","template":"","meta":{"footnotes":""},"yoast_head":"<!-- This site is optimized with the Yoast SEO Premium plugin v18.7 (Yoast SEO v19.1) - https:\/\/yoast.com\/wordpress\/plugins\/seo\/ -->\n<title>Sobre - Ao Vivo Sempre<\/title>\n<meta name=\"description\" content=\"Saiba quem somos e sobre o que falamos em nosso portal. Para isso, clique em nossa p\u00e1gina e confira todas as informa\u00e7\u00f5es.\" \/>\n<meta name=\"robots\" content=\"index, follow, max-snippet:-1, max-image-preview:large, max-video-preview:-1\" \/>\n<link rel=\"canonical\" href=\"https:\/\/aovivosempre.com\/es\/about\/\" \/>\n<meta property=\"og:locale\" content=\"es_MX\" \/>\n<meta property=\"og:type\" content=\"article\" \/>\n<meta property=\"og:title\" content=\"Sobre\" \/>\n<meta property=\"og:description\" content=\"Saiba quem somos e sobre o que falamos em nosso portal. Para isso, clique em nossa p\u00e1gina e confira todas as informa\u00e7\u00f5es.\" \/>\n<meta property=\"og:url\" content=\"https:\/\/aovivosempre.com\/es\/about\/\" \/>\n<meta property=\"og:site_name\" content=\"Ao Vivo Sempre\" \/>\n<meta property=\"article:modified_time\" content=\"2025-12-11T17:31:35+00:00\" \/>\n<meta name=\"twitter:card\" content=\"summary_large_image\" \/>\n<meta name=\"twitter:label1\" content=\"Est. reading time\" \/>\n\t<meta name=\"twitter:data1\" content=\"3 minutos\" \/>\n<script type=\"application\/ld+json\" class=\"yoast-schema-graph\">{\"@context\":\"https:\/\/schema.org\",\"@graph\":[{\"@type\":\"WebSite\",\"@id\":\"https:\/\/aovivosempre.com\/#website\",\"url\":\"https:\/\/aovivosempre.com\/\",\"name\":\"Ao Vivo Sempre\",\"description\":\"Sempre online trazendo os melhores conte\u00fados para voc\u00ea!\",\"potentialAction\":[{\"@type\":\"SearchAction\",\"target\":{\"@type\":\"EntryPoint\",\"urlTemplate\":\"https:\/\/aovivosempre.com\/?s={search_term_string}\"},\"query-input\":\"required name=search_term_string\"}],\"inLanguage\":\"es-MX\"},{\"@type\":\"WebPage\",\"@id\":\"https:\/\/aovivosempre.com\/about\/#webpage\",\"url\":\"https:\/\/aovivosempre.com\/about\/\",\"name\":\"Sobre - Ao Vivo Sempre\",\"isPartOf\":{\"@id\":\"https:\/\/aovivosempre.com\/#website\"},\"datePublished\":\"2023-10-20T13:34:51+00:00\",\"dateModified\":\"2025-12-11T17:31:35+00:00\",\"description\":\"Saiba quem somos e sobre o que falamos em nosso portal. Para isso, clique em nossa p\u00e1gina e confira todas as informa\u00e7\u00f5es.\",\"breadcrumb\":{\"@id\":\"https:\/\/aovivosempre.com\/about\/#breadcrumb\"},\"inLanguage\":\"es-MX\",\"potentialAction\":[{\"@type\":\"ReadAction\",\"target\":[\"https:\/\/aovivosempre.com\/about\/\"]}]},{\"@type\":\"BreadcrumbList\",\"@id\":\"https:\/\/aovivosempre.com\/about\/#breadcrumb\",\"itemListElement\":[{\"@type\":\"ListItem\",\"position\":1,\"name\":\"Home\",\"item\":\"https:\/\/aovivosempre.com\/\"},{\"@type\":\"ListItem\",\"position\":2,\"name\":\"Sobre\"}]}]}<\/script>\n<!-- \/ Yoast SEO Premium plugin. -->","yoast_head_json":{"title":"Sobre - Ao Vivo Sempre","description":"Saiba quem somos e sobre o que falamos em nosso portal. Para isso, clique em nossa p\u00e1gina e confira todas as informa\u00e7\u00f5es.","robots":{"index":"index","follow":"follow","max-snippet":"max-snippet:-1","max-image-preview":"max-image-preview:large","max-video-preview":"max-video-preview:-1"},"canonical":"https:\/\/aovivosempre.com\/es\/about\/","og_locale":"es_MX","og_type":"article","og_title":"Sobre","og_description":"Saiba quem somos e sobre o que falamos em nosso portal. Para isso, clique em nossa p\u00e1gina e confira todas as informa\u00e7\u00f5es.","og_url":"https:\/\/aovivosempre.com\/es\/about\/","og_site_name":"Ao Vivo Sempre","article_modified_time":"2025-12-11T17:31:35+00:00","twitter_card":"summary_large_image","twitter_misc":{"Est. reading time":"3 minutos"},"schema":{"@context":"https:\/\/schema.org","@graph":[{"@type":"WebSite","@id":"https:\/\/aovivosempre.com\/#website","url":"https:\/\/aovivosempre.com\/","name":"Ao Vivo Sempre","description":"Sempre online trazendo os melhores conte\u00fados para voc\u00ea!","potentialAction":[{"@type":"SearchAction","target":{"@type":"EntryPoint","urlTemplate":"https:\/\/aovivosempre.com\/?s={search_term_string}"},"query-input":"required name=search_term_string"}],"inLanguage":"es-MX"},{"@type":"WebPage","@id":"https:\/\/aovivosempre.com\/about\/#webpage","url":"https:\/\/aovivosempre.com\/about\/","name":"Sobre - Ao Vivo Sempre","isPartOf":{"@id":"https:\/\/aovivosempre.com\/#website"},"datePublished":"2023-10-20T13:34:51+00:00","dateModified":"2025-12-11T17:31:35+00:00","description":"Saiba quem somos e sobre o que falamos em nosso portal. Para isso, clique em nossa p\u00e1gina e confira todas as informa\u00e7\u00f5es.","breadcrumb":{"@id":"https:\/\/aovivosempre.com\/about\/#breadcrumb"},"inLanguage":"es-MX","potentialAction":[{"@type":"ReadAction","target":["https:\/\/aovivosempre.com\/about\/"]}]},{"@type":"BreadcrumbList","@id":"https:\/\/aovivosempre.com\/about\/#breadcrumb","itemListElement":[{"@type":"ListItem","position":1,"name":"Home","item":"https:\/\/aovivosempre.com\/"},{"@type":"ListItem","position":2,"name":"Sobre"}]}]}},"_links":{"self":[{"href":"https:\/\/aovivosempre.com\/es\/wp-json\/wp\/v2\/pages\/58"}],"collection":[{"href":"https:\/\/aovivosempre.com\/es\/wp-json\/wp\/v2\/pages"}],"about":[{"href":"https:\/\/aovivosempre.com\/es\/wp-json\/wp\/v2\/types\/page"}],"author":[{"embeddable":true,"href":"https:\/\/aovivosempre.com\/es\/wp-json\/wp\/v2\/users\/3"}],"replies":[{"embeddable":true,"href":"https:\/\/aovivosempre.com\/es\/wp-json\/wp\/v2\/comments?post=58"}],"version-history":[{"count":0,"href":"https:\/\/aovivosempre.com\/es\/wp-json\/wp\/v2\/pages\/58\/revisions"}],"wp:attachment":[{"href":"https:\/\/aovivosempre.com\/es\/wp-json\/wp\/v2\/media?parent=58"}],"curies":[{"name":"wp","href":"https:\/\/api.w.org\/{rel}","templated":true}]}}